{"id":10772,"date":"2026-02-27T10:52:28","date_gmt":"2026-02-27T09:52:28","guid":{"rendered":"https:\/\/onanature.com\/quienes-somos\/"},"modified":"2026-02-27T10:52:34","modified_gmt":"2026-02-27T09:52:34","slug":"quienes-somos","status":"publish","type":"page","link":"https:\/\/onanature.com\/es\/quienes-somos\/","title":{"rendered":"Qui\u00e9nes somos"},"content":{"rendered":"\n<style type=\"text\/css\" data-created_by=\"avia_inline_auto\" id=\"style-css-av-8h9e7i-f686efa8b4e0aa1d80b911d9fc05abdd\">\n.avia-section.av-8h9e7i-f686efa8b4e0aa1d80b911d9fc05abdd{\nbackground-repeat:no-repeat;\nbackground-image:url(https:\/\/onanature.com\/wp-content\/uploads\/2025\/10\/quisom.jpg);\nbackground-position:50% 50%;\nbackground-attachment:fixed;\n}\n.avia-section.av-8h9e7i-f686efa8b4e0aa1d80b911d9fc05abdd .av-section-color-overlay{\nopacity:0.5;\nbackground-color:#0a0a0a;\n}\n<\/style>\n<div id='av_section_1'  class='avia-section av-8h9e7i-f686efa8b4e0aa1d80b911d9fc05abdd main_color avia-section-default avia-no-border-styling  avia-builder-el-0  el_before_av_section  avia-builder-el-first  avia-full-stretch avia-bg-style-fixed av-section-color-overlay-active av-minimum-height av-minimum-height-30 av-height-percent  container_wrap fullsize'  data-section-bg-repeat='stretch' data-av_minimum_height_pc='30' data-av_min_height_opt='percent'><div class=\"av-section-color-overlay-wrap\"><div class=\"av-section-color-overlay\"><\/div><div class='container av-section-cont-open' ><main  role=\"main\" itemprop=\"mainContentOfPage\"  class='template-page content  av-content-full alpha units'><div class='post-entry post-entry-type-page post-entry-10772'><div class='entry-content-wrapper clearfix'>\n<section  class='av_textblock_section av-6sojem-3e26605ffa99f47414aae2a223bfb5ff '   itemscope=\"itemscope\" itemtype=\"https:\/\/schema.org\/CreativeWork\" ><div class='avia_textblock'  itemprop=\"text\" ><p style=\"text-align: left;\"><span class=\"breadcrumb-page-title\">Qui\u00e9nes somos<\/span><br \/>\n<div class=\"breadcrumb breadcrumbs avia-breadcrumbs\"><div class=\"breadcrumb-trail\" ><span class=\"trail-before\"><span class=\"breadcrumb-title\">Usted est\u00e1 aqu\u00ed:<\/span><\/span> <span  itemscope=\"itemscope\" itemtype=\"https:\/\/schema.org\/BreadcrumbList\" ><span  itemscope=\"itemscope\" itemtype=\"https:\/\/schema.org\/ListItem\" itemprop=\"itemListElement\" ><a itemprop=\"url\" href=\"https:\/\/onanature.com\/es\/\" title=\"Ona Nature\" rel=\"home\" class=\"trail-begin\"><span itemprop=\"name\">Inicio<\/span><\/a><span itemprop=\"position\" class=\"hidden\">1<\/span><\/span><\/span><\/div><\/div><\/p>\n<\/div><\/section>\n\n<\/div><\/div><\/main><!-- close content main element --><\/div><\/div><\/div><div id='av_section_2'  class='avia-section av-9bbzz2-7b93aad9211ef39ae294e32f377c63d9 alternate_color avia-section-huge avia-no-border-styling  avia-builder-el-2  el_after_av_section  el_before_av_section  avia-bg-style-scroll container_wrap fullsize'  ><div class='container av-section-cont-open' ><div class='template-page content  av-content-full alpha units'><div class='post-entry post-entry-type-page post-entry-10772'><div class='entry-content-wrapper clearfix'>\n<div  class='flex_column av-350qou-bac4655082423e192b2eecb77f40d1ee av_one_half  avia-builder-el-3  el_before_av_one_half  avia-builder-el-first  first flex_column_div  '     ><style type=\"text\/css\" data-created_by=\"avia_inline_auto\" id=\"style-css-av-qv3qm-cc5fec6be64f934ff9f2559b5ddae1e0\">\n#top .av-special-heading.av-qv3qm-cc5fec6be64f934ff9f2559b5ddae1e0{\npadding-bottom:10px;\n}\nbody .av-special-heading.av-qv3qm-cc5fec6be64f934ff9f2559b5ddae1e0 .av-special-heading-tag .heading-char{\nfont-size:25px;\n}\n.av-special-heading.av-qv3qm-cc5fec6be64f934ff9f2559b5ddae1e0 .av-subheading{\nfont-size:15px;\n}\n<\/style>\n<div  class='av-special-heading av-qv3qm-cc5fec6be64f934ff9f2559b5ddae1e0 av-special-heading-h1 blockquote modern-quote  avia-builder-el-4  avia-builder-el-no-sibling '><h1 class='av-special-heading-tag '  itemprop=\"headline\"  >Nuestra esencia: cosm\u00e9tica ecol\u00f3gica para cuidarte de verdad<\/h1><div class=\"special-heading-border\"><div class=\"special-heading-inner-border\"><\/div><\/div><\/div><\/div><div  class='flex_column av-dauku-823d7f30e31f7828aedbbd880491f1bd av_one_half  avia-builder-el-5  el_after_av_one_half  avia-builder-el-last  flex_column_div  '     ><style type=\"text\/css\" data-created_by=\"avia_inline_auto\" id=\"style-css-av-30arv2-cc8f93fa53acfe23e1d857828fc6bcb7\">\n#top .av_textblock_section.av-30arv2-cc8f93fa53acfe23e1d857828fc6bcb7 .avia_textblock{\nfont-size:19px;\n}\n<\/style>\n<section  class='av_textblock_section av-30arv2-cc8f93fa53acfe23e1d857828fc6bcb7 '   itemscope=\"itemscope\" itemtype=\"https:\/\/schema.org\/CreativeWork\" ><div class='avia_textblock'  itemprop=\"text\" ><p style=\"text-align: left;\">En Ona Nature trabajamos para ser tu espacio de confianza en cosm\u00e9tica ecol\u00f3gica. Creemos en el cuidado natural del cuerpo y del alma, por lo que seleccionamos productos respetuosos, efectivos y pensados \u200b\u200bpara tu bienestar. Nos apasiona compartir nuestro conocimiento y acompa\u00f1arte para que encuentres lo que mejor se adapta a ti, siempre con honestidad y cercan\u00eda.<\/p>\n<\/div><\/section><\/div>\n\n<\/div><\/div><\/div><!-- close content main div --><\/div><\/div>\n<style type=\"text\/css\" data-created_by=\"avia_inline_auto\" id=\"style-css-av-3zpmxa-4ea84f328c720cc5141e6ee5428b9d57\">\n.avia-section.av-3zpmxa-4ea84f328c720cc5141e6ee5428b9d57{\nbackground-repeat:no-repeat;\nbackground-image:url(https:\/\/onanature.com\/wp-content\/uploads\/2025\/10\/Ona-Nature_03.jpg);\nbackground-position:50% 50%;\nbackground-attachment:fixed;\n}\n.avia-section.av-3zpmxa-4ea84f328c720cc5141e6ee5428b9d57 .av-section-color-overlay{\nopacity:0.5;\nbackground-color:#0a0a0a;\n}\n<\/style>\n<div id='av_section_3'  class='avia-section av-3zpmxa-4ea84f328c720cc5141e6ee5428b9d57 footer_color avia-section-huge avia-no-border-styling  avia-builder-el-7  el_after_av_section  el_before_av_section  avia-full-stretch avia-bg-style-fixed av-section-color-overlay-active av-minimum-height av-minimum-height-75 av-height-75  container_wrap fullsize'  data-section-bg-repeat='stretch' data-av_minimum_height_pc='75' data-av_min_height_opt='75'><div class=\"av-section-color-overlay-wrap\"><div class=\"av-section-color-overlay\"><\/div><div class='container av-section-cont-open' ><div class='template-page content  av-content-full alpha units'><div class='post-entry post-entry-type-page post-entry-10772'><div class='entry-content-wrapper clearfix'>\n<div  class='flex_column av-2cvkxa-d29cf15c74daf24dcfb7379a0608a6ad av_one_full  avia-builder-el-8  el_before_av_one_full  avia-builder-el-first  first flex_column_div  '     ><p>\n<style type=\"text\/css\" data-created_by=\"avia_inline_auto\" id=\"style-css-av-mhadjn0a-3a89935b84dec13e3f0e5d3b7d905c80\">\n#top .av-special-heading.av-mhadjn0a-3a89935b84dec13e3f0e5d3b7d905c80{\npadding-bottom:10px;\n}\nbody .av-special-heading.av-mhadjn0a-3a89935b84dec13e3f0e5d3b7d905c80 .av-special-heading-tag .heading-char{\nfont-size:25px;\n}\n.av-special-heading.av-mhadjn0a-3a89935b84dec13e3f0e5d3b7d905c80 .av-subheading{\nfont-size:15px;\n}\n<\/style>\n<div  class='av-special-heading av-mhadjn0a-3a89935b84dec13e3f0e5d3b7d905c80 av-special-heading-h2 blockquote modern-quote  avia-builder-el-9  el_before_av_textblock  avia-builder-el-first '><h2 class='av-special-heading-tag '  itemprop=\"headline\"  >Productos<\/h2><div class=\"special-heading-border\"><div class=\"special-heading-inner-border\"><\/div><\/div><\/div><br \/>\n<section  class='av_textblock_section av-mhads9hy-f9ec3dd719064c21445f07e396795bca '   itemscope=\"itemscope\" itemtype=\"https:\/\/schema.org\/CreativeWork\" ><div class='avia_textblock'  itemprop=\"text\" ><div class=\"wpb_text_column wpb_content_element vc_custom_1590065821206\">\n<div class=\"wpb_wrapper\">\n<div id=\"Content\">\n<div class=\"boxed\">\n<div id=\"lipsum\">\n<blockquote>\n<p>Todos los productos que utilizamos y vendemos son naturales y\/o ecol\u00f3gicos. Nuestro compromiso con la calidad de estos productos nos ha llevado a trabajar, siempre que sea posible, con peque\u00f1os productores especializados. Nos gusta hablar de \u201ccosm\u00e9tica viva\u201d, aquella en la que los propios productores cultivan y recolectan las plantas y hierbas, elaboran sus lotes y nos lo enviamos directamente a nosotros. Este proceso nos permite aprovechar y disfrutar de los beneficios de un producto \u00abvivo\u00bb y natural.<\/p>\n<\/blockquote>\n<\/div>\n<\/div>\n<\/div>\n<\/div>\n<\/div>\n<div class=\"wpb_single_image wpb_content_element vc_align_left vc_custom_1590065829286\"><\/div>\n<\/div><\/section><\/p><\/div><div  class='flex_column av-6u2y6-f3e74f7c8c47c6bb0e56f52126b34d37 av_one_full  avia-builder-el-11  el_after_av_one_full  avia-builder-el-last  first flex_column_div  column-top-margin'     ><p>\n<style type=\"text\/css\" data-created_by=\"avia_inline_auto\" id=\"style-css-av-3nc19a-3ba94c298f2c176696b79cb31b6ac83e\">\n#top .av-special-heading.av-3nc19a-3ba94c298f2c176696b79cb31b6ac83e{\npadding-bottom:10px;\n}\nbody .av-special-heading.av-3nc19a-3ba94c298f2c176696b79cb31b6ac83e .av-special-heading-tag .heading-char{\nfont-size:25px;\n}\n.av-special-heading.av-3nc19a-3ba94c298f2c176696b79cb31b6ac83e .av-subheading{\nfont-size:15px;\n}\n<\/style>\n<div  class='av-special-heading av-3nc19a-3ba94c298f2c176696b79cb31b6ac83e av-special-heading-h2 blockquote modern-quote  avia-builder-el-12  el_before_av_textblock  avia-builder-el-first '><h2 class='av-special-heading-tag '  itemprop=\"headline\"  >Filosof\u00eda<\/h2><div class=\"special-heading-border\"><div class=\"special-heading-inner-border\"><\/div><\/div><\/div><br \/>\n<section  class='av_textblock_section av-bkh7i-0821b9534b5e463e613cc4684cf7c275 '   itemscope=\"itemscope\" itemtype=\"https:\/\/schema.org\/CreativeWork\" ><div class='avia_textblock'  itemprop=\"text\" ><blockquote>\n<p>Aparte de la calidad y el origen tambi\u00e9n valoramos mucho el proceso de producci\u00f3n y los valores de los elaboradores. Para nosotros es primordial que todos los productos que vendemos hayan sido hechos por empresas \u00e9ticas y responsables, empresas humanas que sienten pasi\u00f3n por lo que hacen. Empresas comprometidas con el medio ambiente, con la sociedad, con los trabajadores y los animales. Personas con las que tenemos un trato agradable y directo que nos permite realizar propuestas y mejoras continuas en los productos.<\/p>\n<\/blockquote>\n<\/div><\/section><\/p><\/div>\n\n<\/div><\/div><\/div><!-- close content main div --><\/div><\/div><\/div><div id='av_section_4'  class='avia-section av-mj1fcbxq-9ed96f7113939db75ca883102f0cc9fa main_color avia-section-huge avia-no-border-styling  avia-builder-el-14  el_after_av_section  avia-builder-el-last  avia-bg-style-scroll container_wrap fullsize'  ><div class='container av-section-cont-open' ><div class='template-page content  av-content-full alpha units'><div class='post-entry post-entry-type-page post-entry-10772'><div class='entry-content-wrapper clearfix'>\n<div class='flex_column_table av-arezz2-e3c6d46e0c2b86e00c64ee93f9e4aa38 sc-av_one_third av-equal-height-column-flextable'><div  class='flex_column av-arezz2-e3c6d46e0c2b86e00c64ee93f9e4aa38 av_one_third  avia-builder-el-15  el_before_av_two_third  avia-builder-el-first  first flex_column_table_cell av-equal-height-column av-align-middle  '     ><style type=\"text\/css\" data-created_by=\"avia_inline_auto\" id=\"style-css-av-8uzfpa-f9f0ba63eca858cba8c54cad3d4be458\">\n.avia-image-container.av-8uzfpa-f9f0ba63eca858cba8c54cad3d4be458 img.avia_image{\nbox-shadow:none;\n}\n.avia-image-container.av-8uzfpa-f9f0ba63eca858cba8c54cad3d4be458 .av-image-caption-overlay-center{\ncolor:#ffffff;\n}\n<\/style>\n<div  class='avia-image-container av-8uzfpa-f9f0ba63eca858cba8c54cad3d4be458 av-styling-circle avia-align-center  avia-builder-el-16  avia-builder-el-no-sibling '   itemprop=\"image\" itemscope=\"itemscope\" itemtype=\"https:\/\/schema.org\/ImageObject\" ><div class=\"avia-image-container-inner\"><div class=\"avia-image-overlay-wrap\"><img decoding=\"async\" fetchpriority=\"high\" class='wp-image-10775 avia-img-lazy-loading-not-10775 avia_image ' src=\"https:\/\/onanature.com\/wp-content\/uploads\/2025\/10\/mariona-700x700.jpg\" alt='Qui som' title='Qui som'  height=\"700\" width=\"700\"  itemprop=\"thumbnailUrl\" srcset=\"https:\/\/onanature.com\/wp-content\/uploads\/2025\/10\/mariona-700x700.jpg 700w, https:\/\/onanature.com\/wp-content\/uploads\/2025\/10\/mariona-80x80.jpg 80w, https:\/\/onanature.com\/wp-content\/uploads\/2025\/10\/mariona-36x36.jpg 36w, https:\/\/onanature.com\/wp-content\/uploads\/2025\/10\/mariona-120x120.jpg 120w, https:\/\/onanature.com\/wp-content\/uploads\/2025\/10\/mariona-450x450.jpg 450w, https:\/\/onanature.com\/wp-content\/uploads\/2025\/10\/mariona-300x300.jpg 300w, https:\/\/onanature.com\/wp-content\/uploads\/2025\/10\/mariona-100x100.jpg 100w\" sizes=\"(max-width: 700px) 100vw, 700px\" \/><\/div><\/div><\/div><\/div><div class='av-flex-placeholder'><\/div><div  class='flex_column av-7fjdbi-907f0eef1bf81f0b43fc58dc9fc6bee0 av_two_third  avia-builder-el-17  el_after_av_one_third  avia-builder-el-last  flex_column_table_cell av-equal-height-column av-align-middle  '     ><p>\n<style type=\"text\/css\" data-created_by=\"avia_inline_auto\" id=\"style-css-av-6en4ym-70152ff4939ac3e62240e06e2cd7e427\">\n#top .av-special-heading.av-6en4ym-70152ff4939ac3e62240e06e2cd7e427{\npadding-bottom:10px;\ncolor:#d88aa9;\n}\nbody .av-special-heading.av-6en4ym-70152ff4939ac3e62240e06e2cd7e427 .av-special-heading-tag .heading-char{\nfont-size:25px;\n}\n.av-special-heading.av-6en4ym-70152ff4939ac3e62240e06e2cd7e427 .special-heading-inner-border{\nborder-color:#d88aa9;\n}\n.av-special-heading.av-6en4ym-70152ff4939ac3e62240e06e2cd7e427 .av-subheading{\nfont-size:15px;\n}\n<\/style>\n<div  class='av-special-heading av-6en4ym-70152ff4939ac3e62240e06e2cd7e427 av-special-heading-h2 custom-color-heading blockquote modern-quote  avia-builder-el-18  el_before_av_textblock  avia-builder-el-first '><h2 class='av-special-heading-tag '  itemprop=\"headline\"  >Mariona Caballero<\/h2><div class=\"special-heading-border\"><div class=\"special-heading-inner-border\"><\/div><\/div><\/div><br \/>\n<section  class='av_textblock_section av-3n38we-9bd908d191040105ad18d67eeb96bf63 '   itemscope=\"itemscope\" itemtype=\"https:\/\/schema.org\/CreativeWork\" ><div class='avia_textblock'  itemprop=\"text\" ><p>Ona Nature es el resultado del proyecto personal de Mariona. Despu\u00e9s de a\u00f1os trabajando en el mundo de la est\u00e9tica, Mariona descubri\u00f3 el estilo de vida ecol\u00f3gico a trav\u00e9s de la cocina: \u201cuna vez me hube introducido en un estilo de cocina saludable con productos ecol\u00f3gicos, me pregunt\u00e9 si exist\u00eda alg\u00fan tipo de cosm\u00e9tica, alternativa a la convencional y acorde con el estilo de vida que estaba adoptando\u201d.<\/p>\n<p>A partir de ah\u00ed empez\u00f3 una b\u00fasqueda y se dio cuenta de que s\u00ed, que efectivamente exist\u00eda un gran abanico de productos naturales con much\u00edsimas posibilidades, tanto para el uso personal como para el uso en un hipot\u00e9tico centro de est\u00e9tica. Una vez familiarizado con los productos decidi\u00f3 dar el paso: \u201cdespu\u00e9s de darle muchas vueltas y llevar mucho tiempo probando esta nueva cosm\u00e9tica ecol\u00f3gica decid\u00ed dar el paso y abrir un peque\u00f1o espacio donde empezar\u201d.<\/p>\n<p>Enseguida se dio cuenta de que los clientes y clientas reaccionaban muy positivamente al planteamiento econatural y que el feedback era muy positivo. En ese momento fue cuando puso nombre a su gran reto, crear un centro exclusivamente de est\u00e9tica econatural: Ona Nature. El centro acabar\u00eda abriendo sus puertas dos a\u00f1os m\u00e1s tarde en un espacio m\u00e1s amplio, bonito y donde el cliente s\u00f3lo tuviera que preocuparse de una cosa: relajarse y disfrutar de la experiencia econatural.<\/p>\n<\/div><\/section><\/p><\/div><\/div><!--close column table wrapper. Autoclose: 1 -->\n\n","protected":false},"excerpt":{"rendered":"","protected":false},"author":3,"featured_media":0,"parent":0,"menu_order":0,"comment_status":"closed","ping_status":"closed","template":"","meta":{"footnotes":""},"class_list":["post-10772","page","type-page","status-publish","hentry"],"yoast_head":"<!-- This site is optimized with the Yoast SEO plugin v27.0 - https:\/\/yoast.com\/product\/yoast-seo-wordpress\/ -->\n<title>Qui\u00e9nes somos - Ona Nature<\/title>\n<meta name=\"robots\" content=\"index, follow, max-snippet:-1, max-image-preview:large, max-video-preview:-1\" \/>\n<link rel=\"canonical\" href=\"https:\/\/onanature.com\/es\/quienes-somos\/\" \/>\n<meta property=\"og:locale\" content=\"es_ES\" \/>\n<meta property=\"og:type\" content=\"article\" \/>\n<meta property=\"og:title\" content=\"Qui\u00e9nes somos - Ona Nature\" \/>\n<meta property=\"og:url\" content=\"https:\/\/onanature.com\/es\/quienes-somos\/\" \/>\n<meta property=\"og:site_name\" content=\"Ona Nature\" \/>\n<meta property=\"article:modified_time\" content=\"2026-02-27T09:52:34+00:00\" \/>\n<meta name=\"twitter:card\" content=\"summary_large_image\" \/>\n<meta name=\"twitter:label1\" content=\"Tiempo de lectura\" \/>\n\t<meta name=\"twitter:data1\" content=\"32 minutos\" \/>\n<script type=\"application\/ld+json\" class=\"yoast-schema-graph\">{\"@context\":\"https:\/\/schema.org\",\"@graph\":[{\"@type\":\"WebPage\",\"@id\":\"https:\/\/onanature.com\/es\/quienes-somos\/\",\"url\":\"https:\/\/onanature.com\/es\/quienes-somos\/\",\"name\":\"Qui\u00e9nes somos - Ona Nature\",\"isPartOf\":{\"@id\":\"https:\/\/onanature.com\/es\/#website\"},\"datePublished\":\"2026-02-27T09:52:28+00:00\",\"dateModified\":\"2026-02-27T09:52:34+00:00\",\"breadcrumb\":{\"@id\":\"https:\/\/onanature.com\/es\/quienes-somos\/#breadcrumb\"},\"inLanguage\":\"es\",\"potentialAction\":[{\"@type\":\"ReadAction\",\"target\":[\"https:\/\/onanature.com\/es\/quienes-somos\/\"]}]},{\"@type\":\"BreadcrumbList\",\"@id\":\"https:\/\/onanature.com\/es\/quienes-somos\/#breadcrumb\",\"itemListElement\":[{\"@type\":\"ListItem\",\"position\":1,\"name\":\"Inici\",\"item\":\"https:\/\/onanature.com\/es\/\"},{\"@type\":\"ListItem\",\"position\":2,\"name\":\"Qui\u00e9nes somos\"}]},{\"@type\":\"WebSite\",\"@id\":\"https:\/\/onanature.com\/es\/#website\",\"url\":\"https:\/\/onanature.com\/es\/\",\"name\":\"Ona Nature\",\"description\":\"\",\"potentialAction\":[{\"@type\":\"SearchAction\",\"target\":{\"@type\":\"EntryPoint\",\"urlTemplate\":\"https:\/\/onanature.com\/es\/?s={search_term_string}\"},\"query-input\":{\"@type\":\"PropertyValueSpecification\",\"valueRequired\":true,\"valueName\":\"search_term_string\"}}],\"inLanguage\":\"es\"}]}<\/script>\n<!-- \/ Yoast SEO plugin. -->","yoast_head_json":{"title":"Qui\u00e9nes somos - Ona Nature","robots":{"index":"index","follow":"follow","max-snippet":"max-snippet:-1","max-image-preview":"max-image-preview:large","max-video-preview":"max-video-preview:-1"},"canonical":"https:\/\/onanature.com\/es\/quienes-somos\/","og_locale":"es_ES","og_type":"article","og_title":"Qui\u00e9nes somos - Ona Nature","og_url":"https:\/\/onanature.com\/es\/quienes-somos\/","og_site_name":"Ona Nature","article_modified_time":"2026-02-27T09:52:34+00:00","twitter_card":"summary_large_image","twitter_misc":{"Tiempo de lectura":"32 minutos"},"schema":{"@context":"https:\/\/schema.org","@graph":[{"@type":"WebPage","@id":"https:\/\/onanature.com\/es\/quienes-somos\/","url":"https:\/\/onanature.com\/es\/quienes-somos\/","name":"Qui\u00e9nes somos - Ona Nature","isPartOf":{"@id":"https:\/\/onanature.com\/es\/#website"},"datePublished":"2026-02-27T09:52:28+00:00","dateModified":"2026-02-27T09:52:34+00:00","breadcrumb":{"@id":"https:\/\/onanature.com\/es\/quienes-somos\/#breadcrumb"},"inLanguage":"es","potentialAction":[{"@type":"ReadAction","target":["https:\/\/onanature.com\/es\/quienes-somos\/"]}]},{"@type":"BreadcrumbList","@id":"https:\/\/onanature.com\/es\/quienes-somos\/#breadcrumb","itemListElement":[{"@type":"ListItem","position":1,"name":"Inici","item":"https:\/\/onanature.com\/es\/"},{"@type":"ListItem","position":2,"name":"Qui\u00e9nes somos"}]},{"@type":"WebSite","@id":"https:\/\/onanature.com\/es\/#website","url":"https:\/\/onanature.com\/es\/","name":"Ona Nature","description":"","potentialAction":[{"@type":"SearchAction","target":{"@type":"EntryPoint","urlTemplate":"https:\/\/onanature.com\/es\/?s={search_term_string}"},"query-input":{"@type":"PropertyValueSpecification","valueRequired":true,"valueName":"search_term_string"}}],"inLanguage":"es"}]}},"_links":{"self":[{"href":"https:\/\/onanature.com\/es\/wp-json\/wp\/v2\/pages\/10772","targetHints":{"allow":["GET"]}}],"collection":[{"href":"https:\/\/onanature.com\/es\/wp-json\/wp\/v2\/pages"}],"about":[{"href":"https:\/\/onanature.com\/es\/wp-json\/wp\/v2\/types\/page"}],"author":[{"embeddable":true,"href":"https:\/\/onanature.com\/es\/wp-json\/wp\/v2\/users\/3"}],"replies":[{"embeddable":true,"href":"https:\/\/onanature.com\/es\/wp-json\/wp\/v2\/comments?post=10772"}],"version-history":[{"count":9,"href":"https:\/\/onanature.com\/es\/wp-json\/wp\/v2\/pages\/10772\/revisions"}],"predecessor-version":[{"id":10813,"href":"https:\/\/onanature.com\/es\/wp-json\/wp\/v2\/pages\/10772\/revisions\/10813"}],"wp:attachment":[{"href":"https:\/\/onanature.com\/es\/wp-json\/wp\/v2\/media?parent=10772"}],"curies":[{"name":"wp","href":"https:\/\/api.w.org\/{rel}","templated":true}]}}