{"id":10773,"date":"2026-02-27T10:52:28","date_gmt":"2026-02-27T09:52:28","guid":{"rendered":"https:\/\/onanature.com\/blog\/"},"modified":"2026-02-27T10:52:28","modified_gmt":"2026-02-27T09:52:28","slug":"blog","status":"publish","type":"page","link":"https:\/\/onanature.com\/es\/blog\/","title":{"rendered":"Blog"},"content":{"rendered":"\n<style type=\"text\/css\" data-created_by=\"avia_inline_auto\" id=\"style-css-av-31it8po-5fd018ab1416360bed28dd92068905ea\">\n.avia-section.av-31it8po-5fd018ab1416360bed28dd92068905ea{\nbackground-repeat:no-repeat;\nbackground-image:url(https:\/\/onanature.com\/wp-content\/uploads\/2025\/10\/quisom.jpg);\nbackground-position:50% 50%;\nbackground-attachment:fixed;\n}\n.avia-section.av-31it8po-5fd018ab1416360bed28dd92068905ea .av-section-color-overlay{\nopacity:0.5;\nbackground-color:#0a0a0a;\n}\n<\/style>\n<div id='av_section_1'  class='avia-section av-31it8po-5fd018ab1416360bed28dd92068905ea main_color avia-section-default avia-no-border-styling  avia-builder-el-0  el_before_av_one_fifth  avia-builder-el-first  avia-full-stretch avia-bg-style-fixed av-section-color-overlay-active av-minimum-height av-minimum-height-35 av-height-percent  container_wrap fullsize'  data-section-bg-repeat='stretch' data-av_minimum_height_pc='35' data-av_min_height_opt='percent'><div class=\"av-section-color-overlay-wrap\"><div class=\"av-section-color-overlay\"><\/div><div class='container av-section-cont-open' ><main  role=\"main\" itemprop=\"mainContentOfPage\"  class='template-page content  av-content-full alpha units'><div class='post-entry post-entry-type-page post-entry-10773'><div class='entry-content-wrapper clearfix'>\n<section  class='av_textblock_section av-2hwp598-185f17e682bea7cc6009cdde63771f5d '   itemscope=\"itemscope\" itemtype=\"https:\/\/schema.org\/CreativeWork\" ><div class='avia_textblock'  itemprop=\"text\" ><p style=\"text-align: left;\"><span class=\"breadcrumb-page-title\">Blog<\/span><\/p>\n<p style=\"text-align: left;\"><div class=\"breadcrumb breadcrumbs avia-breadcrumbs\"><div class=\"breadcrumb-trail\" ><span class=\"trail-before\"><span class=\"breadcrumb-title\">Usted est\u00e1 aqu\u00ed:<\/span><\/span> <span  itemscope=\"itemscope\" itemtype=\"https:\/\/schema.org\/BreadcrumbList\" ><span  itemscope=\"itemscope\" itemtype=\"https:\/\/schema.org\/ListItem\" itemprop=\"itemListElement\" ><a itemprop=\"url\" href=\"https:\/\/onanature.com\/es\/\" title=\"Ona Nature\" rel=\"home\" class=\"trail-begin\"><span itemprop=\"name\">Inicio<\/span><\/a><span itemprop=\"position\" class=\"hidden\">1<\/span><\/span><\/span><\/div><\/div><\/p>\n<\/div><\/section>\n<\/div><\/div><\/main><!-- close content main element --><\/div><\/div><\/div><div id='after_section_1'  class='main_color av_default_container_wrap container_wrap fullsize'  ><div class='container av-section-cont-open' ><div class='template-page content  av-content-full alpha units'><div class='post-entry post-entry-type-page post-entry-10773'><div class='entry-content-wrapper clearfix'>\n<div  class='flex_column av-23ubz98-3b380b2c265e6b1ef665acb573060d2f av_one_fifth  avia-builder-el-2  el_after_av_section  el_before_av_three_fifth  avia-builder-el-first  first flex_column_div  '     ><\/div>\n<div  class='flex_column av-1jssr8c-0e112cd9f324c22cc86060cd035dc9bc av_three_fifth  avia-builder-el-3  el_after_av_one_fifth  el_before_av_one_fifth  flex_column_div  '     ><p>\n<style type=\"text\/css\" data-created_by=\"avia_inline_auto\" id=\"style-css-av-mlgoatmc-59c54b4c9ac17e0878046273c54be2cd\">\n#top .hr.hr-invisible.av-mlgoatmc-59c54b4c9ac17e0878046273c54be2cd{\nheight:20px;\n}\n<\/style>\n<div  class='hr av-mlgoatmc-59c54b4c9ac17e0878046273c54be2cd hr-invisible  avia-builder-el-4  el_before_av_heading  avia-builder-el-first '><span class='hr-inner '><span class=\"hr-inner-style\"><\/span><\/span><\/div><br \/>\n\n<style type=\"text\/css\" data-created_by=\"avia_inline_auto\" id=\"style-css-av-ml97q4ht-c04542fc82b42dba165e64cf35b317bf\">\n#top .av-special-heading.av-ml97q4ht-c04542fc82b42dba165e64cf35b317bf{\npadding-bottom:10px;\n}\nbody .av-special-heading.av-ml97q4ht-c04542fc82b42dba165e64cf35b317bf .av-special-heading-tag .heading-char{\nfont-size:25px;\n}\n.av-special-heading.av-ml97q4ht-c04542fc82b42dba165e64cf35b317bf .av-subheading{\nfont-size:15px;\n}\n<\/style>\n<div  class='av-special-heading av-ml97q4ht-c04542fc82b42dba165e64cf35b317bf av-special-heading-h1 blockquote modern-quote modern-centered  avia-builder-el-5  el_after_av_hr  avia-builder-el-last '><h1 class='av-special-heading-tag '  itemprop=\"headline\"  >Descubre nuestro blog<\/h1><div class=\"special-heading-border\"><div class=\"special-heading-inner-border\"><\/div><\/div><\/div><\/p><\/div><div  class='flex_column av-138ak8s-ef7f7faf193a252129bcc6f3d9023760 av_one_fifth  avia-builder-el-6  el_after_av_three_fifth  el_before_av_one_full  flex_column_div  '     ><\/div><\/p>\n<div  class='flex_column av-2yztks-fc3269e869732a3cd4d426725f491ca5 av_one_full  avia-builder-el-7  el_after_av_one_fifth  avia-builder-el-last  first flex_column_div  column-top-margin'     ><style type=\"text\/css\" data-created_by=\"avia_inline_auto\" id=\"style-css-av-ml97qik3-352b4bdcd43d0d196400a2b31425b413\">\n#top .av_textblock_section.av-ml97qik3-352b4bdcd43d0d196400a2b31425b413 .avia_textblock{\ncolor:#0a0a0a;\n}\n<\/style>\n<section  class='av_textblock_section av-ml97qik3-352b4bdcd43d0d196400a2b31425b413 '   itemscope=\"itemscope\" itemtype=\"https:\/\/schema.org\/CreativeWork\" ><div class='avia_textblock av_inherit_color'  itemprop=\"text\" ><blockquote>\n<p style=\"text-align: center;\">\u00bfTienes dudas sobre c\u00f3mo se aplican los productos de cosm\u00e9tica para sacarle el m\u00e1ximo rendimiento? \u00bfQuieres saber qu\u00e9 tipo de rutina facial se adapta mejor a tu piel? En esta secci\u00f3n encontrar\u00e1 informaci\u00f3n actualizada semanalmente sobre las \u00faltimas novedades de la cosm\u00e9tica ecol\u00f3gica.<\/p>\n<\/blockquote>\n<\/div><\/section><br \/>\n\n<style type=\"text\/css\" data-created_by=\"avia_inline_auto\" id=\"style-css-av-ml980wjs-ff5a80443e954330cba3fc1b83d31fee\">\n#top .hr.hr-invisible.av-ml980wjs-ff5a80443e954330cba3fc1b83d31fee{\nheight:50px;\n}\n<\/style>\n<div  class='hr av-ml980wjs-ff5a80443e954330cba3fc1b83d31fee hr-invisible  avia-builder-el-9  el_after_av_textblock  el_before_av_blog '><span class='hr-inner '><span class=\"hr-inner-style\"><\/span><\/span><\/div><br \/>\n<div  data-slideshow-options=\"{&quot;animation&quot;:&quot;fade&quot;,&quot;autoplay&quot;:false,&quot;loop_autoplay&quot;:&quot;once&quot;,&quot;interval&quot;:5,&quot;loop_manual&quot;:&quot;manual-endless&quot;,&quot;autoplay_stopper&quot;:false,&quot;noNavigation&quot;:false,&quot;show_slide_delay&quot;:90}\" class='avia-content-slider avia-content-grid-active avia-content-slider1 avia-content-slider-odd  avia-builder-el-10  el_after_av_hr  avia-builder-el-last  av-slideshow-ui av-control-default   av-no-slider-navigation av-slideshow-manual av-loop-once av-loop-manual-endless '  itemscope=\"itemscope\" itemtype=\"https:\/\/schema.org\/Blog\" ><div class=\"avia-content-slider-inner\"><div class=\"slide-entry-wrap\"><article class='slide-entry flex_column  post-entry post-entry-10797 slide-entry-overview slide-loop-1 slide-parity-odd  av_one_third first real-thumbnail posttype-post post-format-standard'  itemscope=\"itemscope\" itemtype=\"https:\/\/schema.org\/CreativeWork\" ><a href='https:\/\/onanature.com\/es\/el-peligro-de-los-tampones-desechables\/' data-rel='slide-1' class='slide-image' title='El peligro de los tampones desechables'><img decoding=\"async\" fetchpriority=\"high\" width=\"710\" height=\"375\" src=\"https:\/\/onanature.com\/wp-content\/uploads\/2026\/02\/WhatsApp-Image-2024-12-09-at-18.25.45-710x375.jpeg\" class=\"wp-image-10799 avia-img-lazy-loading-not-10799 attachment-magazine size-magazine wp-post-image\" alt=\"Esborrany autom\u00e0tic\" \/><\/a><div class=\"slide-content\"><header class=\"entry-content-header\" aria-label=\"Slide: El peligro de los tampones desechables\"><h3 class='slide-entry-title entry-title '  itemprop=\"headline\" ><a href='https:\/\/onanature.com\/es\/el-peligro-de-los-tampones-desechables\/' title='El peligro de los tampones desechables'>El peligro de los tampones desechables<\/a><\/h3><span class=\"av-vertical-delimiter\"><\/span><\/header><div class=\"slide-meta\"><time class='slide-meta-time updated'  itemprop=\"datePublished\" datetime=\"2026-02-27T10:52:30+01:00\" >27 de febrero de 2026<\/time><\/div><div class='slide-entry-excerpt entry-content'  itemprop=\"text\" >Los tampones y las compresas son peligrosos para la salud y el\u2026<\/div><\/div><footer class=\"entry-footer\"><\/footer><span class='hidden'>\n\t\t\t\t<span class='av-structured-data'  itemprop=\"image\" itemscope=\"itemscope\" itemtype=\"https:\/\/schema.org\/ImageObject\" >\n\t\t\t\t\t\t<span itemprop='url'>https:\/\/onanature.com\/wp-content\/uploads\/2026\/02\/WhatsApp-Image-2024-12-09-at-18.25.45-scaled.jpeg<\/span>\n\t\t\t\t\t\t<span itemprop='height'>2560<\/span>\n\t\t\t\t\t\t<span itemprop='width'>1442<\/span>\n\t\t\t\t<\/span>\n\t\t\t\t<span class='av-structured-data'  itemprop=\"publisher\" itemtype=\"https:\/\/schema.org\/Organization\" itemscope=\"itemscope\" >\n\t\t\t\t\t\t<span itemprop='name'>Ergates Tecnologia SL<\/span>\n\t\t\t\t\t\t<span itemprop='logo' itemscope itemtype='https:\/\/schema.org\/ImageObject'>\n\t\t\t\t\t\t\t<span itemprop='url'>https:\/\/onanature.com\/wp-content\/uploads\/2025\/12\/logo-ona-nature-2.svg<\/span>\n\t\t\t\t\t\t<\/span>\n\t\t\t\t<\/span><span class='av-structured-data'  itemprop=\"author\" itemscope=\"itemscope\" itemtype=\"https:\/\/schema.org\/Person\" ><span itemprop='name'>Ergates Tecnologia SL<\/span><\/span><span class='av-structured-data'  itemprop=\"datePublished\" datetime=\"2026-02-27T10:52:28+01:00\" >2026-02-27 10:52:30<\/span><span class='av-structured-data'  itemprop=\"dateModified\" itemtype=\"https:\/\/schema.org\/dateModified\" >2026-02-27 10:52:30<\/span><span class='av-structured-data'  itemprop=\"mainEntityOfPage\" itemtype=\"https:\/\/schema.org\/mainEntityOfPage\" ><span itemprop='name'>El peligro de los tampones desechables<\/span><\/span><\/span><\/article><article class='slide-entry flex_column  post-entry post-entry-10788 slide-entry-overview slide-loop-2 slide-parity-even  av_one_third  real-thumbnail posttype-post post-format-standard'  itemscope=\"itemscope\" itemtype=\"https:\/\/schema.org\/CreativeWork\" ><a href='https:\/\/onanature.com\/es\/por-que-deberias-evitar-los-perfumes-convencionales\/' data-rel='slide-1' class='slide-image' title='\u00bfPor qu\u00e9 deber\u00edas evitar los perfumes convencionales?'><img decoding=\"async\" fetchpriority=\"high\" width=\"710\" height=\"375\" src=\"https:\/\/onanature.com\/wp-content\/uploads\/2026\/02\/WhatsApp-Image-2024-12-07-at-11.29.45-710x375.jpeg\" class=\"wp-image-10794 avia-img-lazy-loading-not-10794 attachment-magazine size-magazine wp-post-image\" alt=\"Per qu\u00e8 hauries d\u2019evitar els perfums convencionals?\" \/><\/a><div class=\"slide-content\"><header class=\"entry-content-header\" aria-label=\"Slide: \u00bfPor qu\u00e9 deber\u00edas evitar los perfumes convencionales?\"><h3 class='slide-entry-title entry-title '  itemprop=\"headline\" ><a href='https:\/\/onanature.com\/es\/por-que-deberias-evitar-los-perfumes-convencionales\/' title='\u00bfPor qu\u00e9 deber\u00edas evitar los perfumes convencionales?'>\u00bfPor qu\u00e9 deber\u00edas evitar los perfumes convencionales?<\/a><\/h3><span class=\"av-vertical-delimiter\"><\/span><\/header><div class=\"slide-meta\"><time class='slide-meta-time updated'  itemprop=\"datePublished\" datetime=\"2026-02-27T10:52:29+01:00\" >27 de febrero de 2026<\/time><\/div><div class='slide-entry-excerpt entry-content'  itemprop=\"text\" >\u00bfPor qu\u00e9 deber\u00edas evitar los perfumes qu\u00edmicos? Te explicamos\u2026<\/div><\/div><footer class=\"entry-footer\"><\/footer><span class='hidden'>\n\t\t\t\t<span class='av-structured-data'  itemprop=\"image\" itemscope=\"itemscope\" itemtype=\"https:\/\/schema.org\/ImageObject\" >\n\t\t\t\t\t\t<span itemprop='url'>https:\/\/onanature.com\/wp-content\/uploads\/2026\/02\/WhatsApp-Image-2024-12-07-at-11.29.45-scaled.jpeg<\/span>\n\t\t\t\t\t\t<span itemprop='height'>2560<\/span>\n\t\t\t\t\t\t<span itemprop='width'>1477<\/span>\n\t\t\t\t<\/span>\n\t\t\t\t<span class='av-structured-data'  itemprop=\"publisher\" itemtype=\"https:\/\/schema.org\/Organization\" itemscope=\"itemscope\" >\n\t\t\t\t\t\t<span itemprop='name'>Ergates Tecnologia SL<\/span>\n\t\t\t\t\t\t<span itemprop='logo' itemscope itemtype='https:\/\/schema.org\/ImageObject'>\n\t\t\t\t\t\t\t<span itemprop='url'>https:\/\/onanature.com\/wp-content\/uploads\/2025\/12\/logo-ona-nature-2.svg<\/span>\n\t\t\t\t\t\t<\/span>\n\t\t\t\t<\/span><span class='av-structured-data'  itemprop=\"author\" itemscope=\"itemscope\" itemtype=\"https:\/\/schema.org\/Person\" ><span itemprop='name'>Ergates Tecnologia SL<\/span><\/span><span class='av-structured-data'  itemprop=\"datePublished\" datetime=\"2026-02-27T10:52:28+01:00\" >2026-02-27 10:52:29<\/span><span class='av-structured-data'  itemprop=\"dateModified\" itemtype=\"https:\/\/schema.org\/dateModified\" >2026-02-27 10:52:29<\/span><span class='av-structured-data'  itemprop=\"mainEntityOfPage\" itemtype=\"https:\/\/schema.org\/mainEntityOfPage\" ><span itemprop='name'>\u00bfPor qu\u00e9 deber\u00edas evitar los perfumes convencionales?<\/span><\/span><\/span><\/article><article class='slide-entry flex_column  post-entry post-entry-10795 slide-entry-overview slide-loop-3 slide-parity-odd  av_one_third  real-thumbnail posttype-post post-format-standard'  itemscope=\"itemscope\" itemtype=\"https:\/\/schema.org\/CreativeWork\" ><a href='https:\/\/onanature.com\/es\/que-son-los-disruptores-endocrinos\/' data-rel='slide-1' class='slide-image' title='\u00bfQu\u00e9 son los disruptores endocrinos?'><img decoding=\"async\" fetchpriority=\"high\" width=\"710\" height=\"375\" src=\"https:\/\/onanature.com\/wp-content\/uploads\/2026\/02\/lovly-lavender-flower-1-1030x1030-1-710x375.jpeg\" class=\"wp-image-10796 avia-img-lazy-loading-not-10796 attachment-magazine size-magazine wp-post-image\" alt=\"Esborrany autom\u00e0tic\" \/><\/a><div class=\"slide-content\"><header class=\"entry-content-header\" aria-label=\"Slide: \u00bfQu\u00e9 son los disruptores endocrinos?\"><h3 class='slide-entry-title entry-title '  itemprop=\"headline\" ><a href='https:\/\/onanature.com\/es\/que-son-los-disruptores-endocrinos\/' title='\u00bfQu\u00e9 son los disruptores endocrinos?'>\u00bfQu\u00e9 son los disruptores endocrinos?<\/a><\/h3><span class=\"av-vertical-delimiter\"><\/span><\/header><div class=\"slide-meta\"><time class='slide-meta-time updated'  itemprop=\"datePublished\" datetime=\"2026-02-27T10:52:29+01:00\" >27 de febrero de 2026<\/time><\/div><div class='slide-entry-excerpt entry-content'  itemprop=\"text\" >Los disruptores endocrinos: qu\u00e9 son, d\u00f3nde se encuentran y\u2026<\/div><\/div><footer class=\"entry-footer\"><\/footer><span class='hidden'>\n\t\t\t\t<span class='av-structured-data'  itemprop=\"image\" itemscope=\"itemscope\" itemtype=\"https:\/\/schema.org\/ImageObject\" >\n\t\t\t\t\t\t<span itemprop='url'>https:\/\/onanature.com\/wp-content\/uploads\/2026\/02\/lovly-lavender-flower-1-1030x1030-1.jpeg<\/span>\n\t\t\t\t\t\t<span itemprop='height'>1030<\/span>\n\t\t\t\t\t\t<span itemprop='width'>1030<\/span>\n\t\t\t\t<\/span>\n\t\t\t\t<span class='av-structured-data'  itemprop=\"publisher\" itemtype=\"https:\/\/schema.org\/Organization\" itemscope=\"itemscope\" >\n\t\t\t\t\t\t<span itemprop='name'>Ergates Tecnologia SL<\/span>\n\t\t\t\t\t\t<span itemprop='logo' itemscope itemtype='https:\/\/schema.org\/ImageObject'>\n\t\t\t\t\t\t\t<span itemprop='url'>https:\/\/onanature.com\/wp-content\/uploads\/2025\/12\/logo-ona-nature-2.svg<\/span>\n\t\t\t\t\t\t<\/span>\n\t\t\t\t<\/span><span class='av-structured-data'  itemprop=\"author\" itemscope=\"itemscope\" itemtype=\"https:\/\/schema.org\/Person\" ><span itemprop='name'>Ergates Tecnologia SL<\/span><\/span><span class='av-structured-data'  itemprop=\"datePublished\" datetime=\"2026-02-27T10:52:28+01:00\" >2026-02-27 10:52:29<\/span><span class='av-structured-data'  itemprop=\"dateModified\" itemtype=\"https:\/\/schema.org\/dateModified\" >2026-02-27 10:52:29<\/span><span class='av-structured-data'  itemprop=\"mainEntityOfPage\" itemtype=\"https:\/\/schema.org\/mainEntityOfPage\" ><span itemprop='name'>\u00bfQu\u00e9 son los disruptores endocrinos?<\/span><\/span><\/span><\/article><\/div><div class=\"slide-entry-wrap\"><article class='slide-entry flex_column  post-entry post-entry-10780 slide-entry-overview slide-loop-4 slide-parity-odd  post-entry-last  av_one_third first real-thumbnail posttype-post post-format-standard'  itemscope=\"itemscope\" itemtype=\"https:\/\/schema.org\/CreativeWork\" ><a href='https:\/\/onanature.com\/es\/higiene-facial\/' data-rel='slide-1' class='slide-image' title='Higiene facial'><img decoding=\"async\" fetchpriority=\"high\" width=\"640\" height=\"375\" src=\"https:\/\/onanature.com\/wp-content\/uploads\/2026\/02\/matarrania-locion-limpiadora-y-desmaquillante-100-bio-3-21009-640x375.jpeg\" class=\"wp-image-10781 avia-img-lazy-loading-not-10781 attachment-magazine size-magazine wp-post-image\" alt=\"Higiene facial\" \/><\/a><div class=\"slide-content\"><header class=\"entry-content-header\" aria-label=\"Slide: Higiene facial\"><h3 class='slide-entry-title entry-title '  itemprop=\"headline\" ><a href='https:\/\/onanature.com\/es\/higiene-facial\/' title='Higiene facial'>Higiene facial<\/a><\/h3><span class=\"av-vertical-delimiter\"><\/span><\/header><div class=\"slide-meta\"><time class='slide-meta-time updated'  itemprop=\"datePublished\" datetime=\"2026-02-27T10:52:28+01:00\" >27 de febrero de 2026<\/time><\/div><div class='slide-entry-excerpt entry-content'  itemprop=\"text\" >\n\n\n\n\n\n\n\n\n\n\nQu\u00e9 tipo de higiene facial es la ideal para tu piel\nLa\u2026<\/div><\/div><footer class=\"entry-footer\"><\/footer><span class='hidden'>\n\t\t\t\t<span class='av-structured-data'  itemprop=\"image\" itemscope=\"itemscope\" itemtype=\"https:\/\/schema.org\/ImageObject\" >\n\t\t\t\t\t\t<span itemprop='url'>https:\/\/onanature.com\/wp-content\/uploads\/2026\/02\/matarrania-locion-limpiadora-y-desmaquillante-100-bio-3-21009.jpeg<\/span>\n\t\t\t\t\t\t<span itemprop='height'>640<\/span>\n\t\t\t\t\t\t<span itemprop='width'>640<\/span>\n\t\t\t\t<\/span>\n\t\t\t\t<span class='av-structured-data'  itemprop=\"publisher\" itemtype=\"https:\/\/schema.org\/Organization\" itemscope=\"itemscope\" >\n\t\t\t\t\t\t<span itemprop='name'>Ergates Tecnologia SL<\/span>\n\t\t\t\t\t\t<span itemprop='logo' itemscope itemtype='https:\/\/schema.org\/ImageObject'>\n\t\t\t\t\t\t\t<span itemprop='url'>https:\/\/onanature.com\/wp-content\/uploads\/2025\/12\/logo-ona-nature-2.svg<\/span>\n\t\t\t\t\t\t<\/span>\n\t\t\t\t<\/span><span class='av-structured-data'  itemprop=\"author\" itemscope=\"itemscope\" itemtype=\"https:\/\/schema.org\/Person\" ><span itemprop='name'>Ergates Tecnologia SL<\/span><\/span><span class='av-structured-data'  itemprop=\"datePublished\" datetime=\"2026-02-27T10:52:28+01:00\" >2026-02-27 10:52:28<\/span><span class='av-structured-data'  itemprop=\"dateModified\" itemtype=\"https:\/\/schema.org\/dateModified\" >2026-02-27 10:52:28<\/span><span class='av-structured-data'  itemprop=\"mainEntityOfPage\" itemtype=\"https:\/\/schema.org\/mainEntityOfPage\" ><span itemprop='name'>Higiene facial<\/span><\/span><\/span><\/article><\/div><\/div><\/div><\/p><\/div>\n","protected":false},"excerpt":{"rendered":"","protected":false},"author":3,"featured_media":0,"parent":0,"menu_order":0,"comment_status":"closed","ping_status":"closed","template":"","meta":{"footnotes":""},"class_list":["post-10773","page","type-page","status-publish","hentry"],"yoast_head":"<!-- This site is optimized with the Yoast SEO plugin v27.0 - https:\/\/yoast.com\/product\/yoast-seo-wordpress\/ -->\n<title>Blog - Ona Nature<\/title>\n<meta name=\"robots\" content=\"index, follow, max-snippet:-1, max-image-preview:large, max-video-preview:-1\" \/>\n<link rel=\"canonical\" href=\"https:\/\/onanature.com\/es\/blog\/\" \/>\n<meta property=\"og:locale\" content=\"es_ES\" \/>\n<meta property=\"og:type\" content=\"article\" \/>\n<meta property=\"og:title\" content=\"Blog - Ona Nature\" \/>\n<meta property=\"og:url\" content=\"https:\/\/onanature.com\/es\/blog\/\" \/>\n<meta property=\"og:site_name\" content=\"Ona Nature\" \/>\n<meta name=\"twitter:card\" content=\"summary_large_image\" \/>\n<meta name=\"twitter:label1\" content=\"Tiempo de lectura\" \/>\n\t<meta name=\"twitter:data1\" content=\"15 minutos\" \/>\n<script type=\"application\/ld+json\" class=\"yoast-schema-graph\">{\"@context\":\"https:\/\/schema.org\",\"@graph\":[{\"@type\":\"WebPage\",\"@id\":\"https:\/\/onanature.com\/es\/blog\/\",\"url\":\"https:\/\/onanature.com\/es\/blog\/\",\"name\":\"Blog - Ona Nature\",\"isPartOf\":{\"@id\":\"https:\/\/onanature.com\/es\/#website\"},\"datePublished\":\"2026-02-27T09:52:28+00:00\",\"breadcrumb\":{\"@id\":\"https:\/\/onanature.com\/es\/blog\/#breadcrumb\"},\"inLanguage\":\"es\",\"potentialAction\":[{\"@type\":\"ReadAction\",\"target\":[\"https:\/\/onanature.com\/es\/blog\/\"]}]},{\"@type\":\"BreadcrumbList\",\"@id\":\"https:\/\/onanature.com\/es\/blog\/#breadcrumb\",\"itemListElement\":[{\"@type\":\"ListItem\",\"position\":1,\"name\":\"Inici\",\"item\":\"https:\/\/onanature.com\/es\/\"},{\"@type\":\"ListItem\",\"position\":2,\"name\":\"Blog\"}]},{\"@type\":\"WebSite\",\"@id\":\"https:\/\/onanature.com\/es\/#website\",\"url\":\"https:\/\/onanature.com\/es\/\",\"name\":\"Ona Nature\",\"description\":\"\",\"potentialAction\":[{\"@type\":\"SearchAction\",\"target\":{\"@type\":\"EntryPoint\",\"urlTemplate\":\"https:\/\/onanature.com\/es\/?s={search_term_string}\"},\"query-input\":{\"@type\":\"PropertyValueSpecification\",\"valueRequired\":true,\"valueName\":\"search_term_string\"}}],\"inLanguage\":\"es\"}]}<\/script>\n<!-- \/ Yoast SEO plugin. -->","yoast_head_json":{"title":"Blog - Ona Nature","robots":{"index":"index","follow":"follow","max-snippet":"max-snippet:-1","max-image-preview":"max-image-preview:large","max-video-preview":"max-video-preview:-1"},"canonical":"https:\/\/onanature.com\/es\/blog\/","og_locale":"es_ES","og_type":"article","og_title":"Blog - Ona Nature","og_url":"https:\/\/onanature.com\/es\/blog\/","og_site_name":"Ona Nature","twitter_card":"summary_large_image","twitter_misc":{"Tiempo de lectura":"15 minutos"},"schema":{"@context":"https:\/\/schema.org","@graph":[{"@type":"WebPage","@id":"https:\/\/onanature.com\/es\/blog\/","url":"https:\/\/onanature.com\/es\/blog\/","name":"Blog - Ona Nature","isPartOf":{"@id":"https:\/\/onanature.com\/es\/#website"},"datePublished":"2026-02-27T09:52:28+00:00","breadcrumb":{"@id":"https:\/\/onanature.com\/es\/blog\/#breadcrumb"},"inLanguage":"es","potentialAction":[{"@type":"ReadAction","target":["https:\/\/onanature.com\/es\/blog\/"]}]},{"@type":"BreadcrumbList","@id":"https:\/\/onanature.com\/es\/blog\/#breadcrumb","itemListElement":[{"@type":"ListItem","position":1,"name":"Inici","item":"https:\/\/onanature.com\/es\/"},{"@type":"ListItem","position":2,"name":"Blog"}]},{"@type":"WebSite","@id":"https:\/\/onanature.com\/es\/#website","url":"https:\/\/onanature.com\/es\/","name":"Ona Nature","description":"","potentialAction":[{"@type":"SearchAction","target":{"@type":"EntryPoint","urlTemplate":"https:\/\/onanature.com\/es\/?s={search_term_string}"},"query-input":{"@type":"PropertyValueSpecification","valueRequired":true,"valueName":"search_term_string"}}],"inLanguage":"es"}]}},"_links":{"self":[{"href":"https:\/\/onanature.com\/es\/wp-json\/wp\/v2\/pages\/10773","targetHints":{"allow":["GET"]}}],"collection":[{"href":"https:\/\/onanature.com\/es\/wp-json\/wp\/v2\/pages"}],"about":[{"href":"https:\/\/onanature.com\/es\/wp-json\/wp\/v2\/types\/page"}],"author":[{"embeddable":true,"href":"https:\/\/onanature.com\/es\/wp-json\/wp\/v2\/users\/3"}],"replies":[{"embeddable":true,"href":"https:\/\/onanature.com\/es\/wp-json\/wp\/v2\/comments?post=10773"}],"version-history":[{"count":2,"href":"https:\/\/onanature.com\/es\/wp-json\/wp\/v2\/pages\/10773\/revisions"}],"predecessor-version":[{"id":10779,"href":"https:\/\/onanature.com\/es\/wp-json\/wp\/v2\/pages\/10773\/revisions\/10779"}],"wp:attachment":[{"href":"https:\/\/onanature.com\/es\/wp-json\/wp\/v2\/media?parent=10773"}],"curies":[{"name":"wp","href":"https:\/\/api.w.org\/{rel}","templated":true}]}}